{"id":1783,"date":"2023-09-13T13:21:53","date_gmt":"2023-09-13T13:21:53","guid":{"rendered":"https:\/\/medgree.com\/?page_id=1783"},"modified":"2023-09-19T14:05:47","modified_gmt":"2023-09-19T14:05:47","slug":"recrutamento","status":"publish","type":"page","link":"https:\/\/medgree.com\/en\/recrutamento\/","title":{"rendered":"Recruitment"},"content":{"rendered":"<p>[vc_row section_type=&#8221;fullwidth&#8221; section_full_height=&#8221;fullheight&#8221; bg_type=&#8221;image&#8221; bg_image=&#8221;1217&#8243; bg_image_type=&#8221;fixed&#8221; columns_gap=&#8221;none&#8221; equal_column_height=&#8221;middle-content&#8221; el_class=&#8221;empresa-sobre&#8221;][vc_column width=&#8221;1\/2&#8243; tablet_sm_width=&#8221;1&#8243; column_fullheight=&#8221;fullheight&#8221; el_class=&#8221;hide-column&#8221;][\/vc_column][vc_column width=&#8221;1\/2&#8243; tablet_sm_width=&#8221;1&#8243; column_fullheight=&#8221;fullheight&#8221; heading_color=&#8221;light&#8221; css=&#8221;.vc_custom_1694611259062{padding-top: 15% !important;padding-right: 15% !important;padding-bottom: 15% !important;padding-left: 15% !important;background-color: rgba(27,195,205,0.6) !important;*background-color: rgb(27,195,205) !important;}&#8221; font_color=&#8221;#ffffff&#8221;]<div class=\"grve-empty-space grve-height-2x\" style=\"\"><\/div><h3 class=\"grve-element grve-title grve-align-left grve-h3\" style=\"\"><span>Do you like challenges?<\/span><\/h3><div class=\"grve-element grve-divider grve-align-left\" style=\"padding-bottom: 20px;\"><span class=\"grve-custom-divider grve-bg-white\" style=\"width: 140px;height: 6px;\"><\/span><\/div><div class=\"grve-empty-space grve-height-1x\" style=\"\"><\/div>[vc_column_text el_class=&#8221;intro-produto&#8221;]We are already more than 220 passionate team members, but we always have room for members of excellence![\/vc_column_text]<div class=\"grve-empty-space grve-height-1x\" style=\"\"><\/div>[vc_column_text el_class=&#8221;intro-produto&#8221;]<\/p>\n<h5>Apply and join our team!<\/h5>\n<p>[\/vc_column_text]<div class=\"grve-empty-space grve-height-2x\" style=\"\"><\/div>[\/vc_column][\/vc_row][vc_row disable_element=&#8221;yes&#8221; padding_top_multiplier=&#8221;3x&#8221; padding_bottom_multiplier=&#8221;3x&#8221;][vc_column css=&#8221;.vc_custom_1666962387802{margin-bottom: 0px !important;}&#8221;]<h4 class=\"grve-element grve-title grve-align-center grve-h4 grve-increase-heading grve-heading-120\" style=\"\"><span>Estamos a Recrutar<\/span><\/h4><div class=\"grve-empty-space grve-height-1x\" style=\"\"><\/div>[vc_tta_accordion c_position=&#8221;right&#8221; active_section=&#8221;&#8221; accordion_style=&#8221;style-2&#8243;][vc_tta_section title=&#8221;Gestor(a) de Recursos Humanos&#8221; tab_id=&#8221;1666957303862-fe0bc91b-6391&#8243;]<div class=\"grve-empty-space grve-height-1x\" style=\"\"><\/div>[vc_column_text]A Olitrem pretende refor\u00e7ar a sua equipa, com uma nova posi\u00e7\u00e3o em Gest\u00e3o de Recursos Humanos.<br \/>\nEste candidato\/a trabalhar\u00e1 diretamente com o administrador respons\u00e1vel pela \u00e1rea, e em estreita liga\u00e7\u00e3o com os departamentos administrativo e contabilidade, na procura de solu\u00e7\u00f5es para desenvolver a \u00e1rea e a cultura da empresa.<br \/>\nSe achas que o teu perfil se enquadra nas tarefas descritas em baixo, aproveita esta oportunidade.<\/p>\n<p><strong>Enquanto t\u00e9cnico\/a de RH ter\u00e1s como principais responsabilidades:<\/strong><\/p>\n<ul>\n<li>Recrutamento e integra\u00e7\u00e3o de novos colaboradores;<\/li>\n<li>Apoio no processamento salarial;<\/li>\n<li>Elabora\u00e7\u00e3o e acompanhamento do plano de forma\u00e7\u00e3o em parceria com os restantes departamentos;<\/li>\n<li>Colaborar na gest\u00e3o da comunica\u00e7\u00e3o interna e iniciativas da empresa;<\/li>\n<li>Colaborar ativamente no desenvolvimento e implementa\u00e7\u00e3o de um modelo de avalia\u00e7\u00e3o de desempenho;<\/li>\n<li>Participar na implementa\u00e7\u00e3o de um novo software de gest\u00e3o de RH;<\/li>\n<li>Cria\u00e7\u00e3o e an\u00e1lise de KPIs;<\/li>\n<li>Assegurar outras tarefas diversas no \u00e2mbito da gest\u00e3o administrativa de RH.<\/li>\n<\/ul>\n<p><strong>Procuramos algu\u00e9m com:<\/strong><\/p>\n<ul>\n<li>Forma\u00e7\u00e3o superior na \u00e1rea de Gest\u00e3o de Recursos Humanos, Psicologia ou \u00e1reas afins;<\/li>\n<li>Experi\u00eancia profissional de pelo menos 2 anos em gest\u00e3o administrativa de RH;<\/li>\n<li>Valorizado experi\u00eancia em Desenvolvimento de RH ou consultoria;<\/li>\n<li>Habilidades interpessoais e de comunica\u00e7\u00e3o;<\/li>\n<li>Capacidade de criar e gerir projetos de raiz;<\/li>\n<li>Capacidade de lidar com v\u00e1rios temas em simult\u00e2neo;<\/li>\n<li>Aberto a trazer sua experi\u00eancia para encontrar solu\u00e7\u00f5es criativas e t\u00e9cnicas;<\/li>\n<li>Conhecimentos de Ingl\u00eas;<\/li>\n<li>Obrigat\u00f3rio experi\u00eancia em fun\u00e7\u00f5es similares.<\/li>\n<\/ul>\n<p>Caso re\u00fana o perfil pretendido preencha o formul\u00e1rio que se segue.[\/vc_column_text]<div class=\"grve-empty-space grve-height-1x\" style=\"\"><\/div>[vc_row_inner css=&#8221;.vc_custom_1666965451138{padding-top: 40px !important;padding-bottom: 40px !important;background-color: #f4f4f4 !important;}&#8221;][vc_column_inner]\n<div class=\"wpcf7 no-js\" id=\"wpcf7-f1697-o1\" lang=\"en-US\" dir=\"ltr\" data-wpcf7-id=\"1697\">\n<div class=\"screen-reader-response\"><p role=\"status\" aria-live=\"polite\" aria-atomic=\"true\"><\/p> <ul><\/ul><\/div>\n<form action=\"\/en\/wp-json\/wp\/v2\/pages\/1783#wpcf7-f1697-o1\" method=\"post\" class=\"wpcf7-form init\" aria-label=\"Contact form\" enctype=\"multipart\/form-data\" novalidate=\"novalidate\" data-status=\"init\">\n<fieldset class=\"hidden-fields-container\"><input type=\"hidden\" name=\"_wpcf7\" value=\"1697\" \/><input type=\"hidden\" name=\"_wpcf7_version\" value=\"6.1.2\" \/><input type=\"hidden\" name=\"_wpcf7_locale\" value=\"en_US\" \/><input type=\"hidden\" name=\"_wpcf7_unit_tag\" value=\"wpcf7-f1697-o1\" \/><input type=\"hidden\" name=\"_wpcf7_container_post\" value=\"0\" \/><input type=\"hidden\" name=\"_wpcf7_posted_data_hash\" value=\"\" \/><input type=\"hidden\" name=\"_wpcf7_recaptcha_response\" value=\"\" \/>\n<\/fieldset>\n<div class=\"grve-column-1-1 grve-column\">\n\t<p><span class=\"wpcf7-form-control-wrap\" data-name=\"your-name\"><input size=\"40\" maxlength=\"400\" class=\"wpcf7-form-control wpcf7-text wpcf7-validates-as-required\" aria-required=\"true\" aria-invalid=\"false\" placeholder=\"Name*\" value=\"\" type=\"text\" name=\"your-name\" \/><\/span>\n\t<\/p>\n<\/div>\n<div class=\"grve-column-1-2 grve-column\">\n\t<p><span class=\"wpcf7-form-control-wrap\" data-name=\"your-email\"><input size=\"40\" maxlength=\"400\" class=\"wpcf7-form-control wpcf7-email wpcf7-validates-as-required wpcf7-text wpcf7-validates-as-email\" aria-required=\"true\" aria-invalid=\"false\" placeholder=\"Email*\" value=\"\" type=\"email\" name=\"your-email\" \/><\/span>\n\t<\/p>\n<\/div>\n<div class=\"grve-column-1-2 grve-column\">\n\t<p><span class=\"wpcf7-form-control-wrap\" data-name=\"telefone\"><input size=\"40\" maxlength=\"400\" class=\"wpcf7-form-control wpcf7-tel wpcf7-validates-as-required wpcf7-text wpcf7-validates-as-tel\" aria-required=\"true\" aria-invalid=\"false\" placeholder=\"Phone*\" value=\"\" type=\"tel\" name=\"telefone\" \/><\/span>\n\t<\/p>\n<\/div>\n<div class=\"grve-column-1-1 grve-column\">\n\t<p><span class=\"wpcf7-form-control-wrap\" data-name=\"Vaga\"><input size=\"40\" maxlength=\"400\" class=\"wpcf7-form-control wpcf7-text wpcf7-validates-as-required vaga-emprego\" aria-required=\"true\" aria-invalid=\"false\" placeholder=\"Position\" value=\"\" type=\"text\" name=\"Vaga\" \/><\/span>\n\t<\/p>\n<\/div>\n<div class=\"grve-column-1-1 grve-column\">\n\t<p><span class=\"wpcf7-form-control-wrap\" data-name=\"curriculo\"><input size=\"40\" class=\"wpcf7-form-control wpcf7-file wpcf7-validates-as-required curriculo\" accept=\".pdf\" aria-required=\"true\" aria-invalid=\"false\" type=\"file\" name=\"curriculo\" \/><\/span>\n\t<\/p>\n<\/div>\n<div class=\"grve-column-1-1 recrutamento-aceitacao\">\n\t<p><span class=\"wpcf7-form-control-wrap\" data-name=\"acceptance-691\"><span class=\"wpcf7-form-control wpcf7-acceptance\"><span class=\"wpcf7-list-item\"><label><input type=\"checkbox\" name=\"acceptance-691\" value=\"1\" aria-invalid=\"false\" \/><span class=\"wpcf7-list-item-label\">I read and accept the <a href=\"\/en\/privacy-policy\/\" target=\"_blank\" rel=\"noopener\">Privacy Policy<\/a>.<\/span><\/label><\/span><\/span><\/span><br \/>\n<span class=\"wpcf7-form-control-wrap\" data-name=\"acceptance-651\"><span class=\"wpcf7-form-control wpcf7-acceptance\"><span class=\"wpcf7-list-item\"><label><input type=\"checkbox\" name=\"acceptance-651\" value=\"1\" aria-invalid=\"false\" \/><span class=\"wpcf7-list-item-label\">I authorize the use of my data for future contacts by the Olitrem Group*<\/span><\/label><\/span><\/span><\/span>\n\t<\/p>\n<\/div>\n<div class=\"grve-column-1-1 grve-column\">\n\t<p><input class=\"wpcf7-form-control wpcf7-submit has-spinner\" type=\"submit\" value=\"Apply\" \/>\n\t<\/p>\n<\/div><div class=\"wpcf7-response-output\" aria-hidden=\"true\"><\/div>\n<\/form>\n<\/div>\n[\/vc_column_inner][\/vc_row_inner][\/vc_tta_section][\/vc_tta_accordion]<div class=\"grve-empty-space grve-height-1x\" style=\"\"><\/div>[\/vc_column][\/vc_row][vc_row bg_type=&#8221;color&#8221; padding_top_multiplier=&#8221;3x&#8221; padding_bottom_multiplier=&#8221;3x&#8221; bg_color=&#8221;#f4f4f4&#8243;][vc_column width=&#8221;1\/2&#8243; css=&#8221;.vc_custom_1666969441285{margin-bottom: 0px !important;}&#8221;]<h3 class=\"grve-element grve-title grve-align-left grve-h3\" style=\"\"><span>Spontaneous<br \/>\napplication<\/span><\/h3><div class=\"grve-element grve-divider grve-align-left\" style=\"padding-bottom: 20px;\"><span class=\"grve-custom-divider grve-bg-primary-1\" style=\"width: 140px;height: 6px;\"><\/span><\/div><div class=\"grve-empty-space grve-height-1x\" style=\"\"><\/div>[vc_column_text el_class=&#8221;intro-produto&#8221;]Do you want to join our family? We are happy to evaluate your application!<br \/>\nFill out the form and be fascinated with the refrigeration industry.[\/vc_column_text]<div class=\"grve-empty-space grve-height-1x\" style=\"\"><\/div>[\/vc_column][vc_column width=&#8221;1\/2&#8243;]\n<div class=\"wpcf7 no-js\" id=\"wpcf7-f1696-o2\" lang=\"en-US\" dir=\"ltr\" data-wpcf7-id=\"1696\">\n<div class=\"screen-reader-response\"><p role=\"status\" aria-live=\"polite\" aria-atomic=\"true\"><\/p> <ul><\/ul><\/div>\n<form action=\"\/en\/wp-json\/wp\/v2\/pages\/1783#wpcf7-f1696-o2\" method=\"post\" class=\"wpcf7-form init\" aria-label=\"Contact form\" enctype=\"multipart\/form-data\" novalidate=\"novalidate\" data-status=\"init\">\n<fieldset class=\"hidden-fields-container\"><input type=\"hidden\" name=\"_wpcf7\" value=\"1696\" \/><input type=\"hidden\" name=\"_wpcf7_version\" value=\"6.1.2\" \/><input type=\"hidden\" name=\"_wpcf7_locale\" value=\"en_US\" \/><input type=\"hidden\" name=\"_wpcf7_unit_tag\" value=\"wpcf7-f1696-o2\" \/><input type=\"hidden\" name=\"_wpcf7_container_post\" value=\"0\" \/><input type=\"hidden\" name=\"_wpcf7_posted_data_hash\" value=\"\" \/><input type=\"hidden\" name=\"_wpcf7_recaptcha_response\" value=\"\" \/>\n<\/fieldset>\n<div class=\"grve-column-1-1 grve-column\">\n\t<p><span class=\"wpcf7-form-control-wrap\" data-name=\"your-name\"><input size=\"40\" maxlength=\"400\" class=\"wpcf7-form-control wpcf7-text wpcf7-validates-as-required\" aria-required=\"true\" aria-invalid=\"false\" placeholder=\"Name*\" value=\"\" type=\"text\" name=\"your-name\" \/><\/span>\n\t<\/p>\n<\/div>\n<div class=\"grve-column-1-2 grve-column\">\n\t<p><span class=\"wpcf7-form-control-wrap\" data-name=\"your-email\"><input size=\"40\" maxlength=\"400\" class=\"wpcf7-form-control wpcf7-email wpcf7-validates-as-required wpcf7-text wpcf7-validates-as-email\" aria-required=\"true\" aria-invalid=\"false\" placeholder=\"Email*\" value=\"\" type=\"email\" name=\"your-email\" \/><\/span>\n\t<\/p>\n<\/div>\n<div class=\"grve-column-1-2 grve-column\">\n\t<p><span class=\"wpcf7-form-control-wrap\" data-name=\"telefone\"><input size=\"40\" maxlength=\"400\" class=\"wpcf7-form-control wpcf7-tel wpcf7-validates-as-required wpcf7-text wpcf7-validates-as-tel\" aria-required=\"true\" aria-invalid=\"false\" placeholder=\"Phone*\" value=\"\" type=\"tel\" name=\"telefone\" \/><\/span>\n\t<\/p>\n<\/div>\n<div class=\"grve-column-1-1 grve-column\">\n\t<p><span class=\"wpcf7-form-control-wrap\" data-name=\"Vaga\"><input size=\"40\" maxlength=\"400\" class=\"wpcf7-form-control wpcf7-text wpcf7-validates-as-required\" aria-required=\"true\" aria-invalid=\"false\" value=\"Spontaneous application\" type=\"text\" name=\"Vaga\" \/><\/span>\n\t<\/p>\n<\/div>\n<div class=\"grve-column-1-1 grve-column\">\n\t<p><span class=\"wpcf7-form-control-wrap\" data-name=\"curriculo\"><input size=\"40\" class=\"wpcf7-form-control wpcf7-file wpcf7-validates-as-required curriculo\" accept=\".pdf\" aria-required=\"true\" aria-invalid=\"false\" type=\"file\" name=\"curriculo\" \/><\/span>\n\t<\/p>\n<\/div>\n<div class=\"grve-column-1-1 recrutamento-aceitacao\">\n\t<p><span class=\"wpcf7-form-control-wrap\" data-name=\"acceptance-691\"><span class=\"wpcf7-form-control wpcf7-acceptance\"><span class=\"wpcf7-list-item\"><label><input type=\"checkbox\" name=\"acceptance-691\" value=\"1\" aria-invalid=\"false\" \/><span class=\"wpcf7-list-item-label\">I read and accept the <a href=\"\/en\/privacy-policy\/\" target=\"_blank\" rel=\"noopener\">Privacy Policy<\/a>.<\/span><\/label><\/span><\/span><\/span><br \/>\n<span class=\"wpcf7-form-control-wrap\" data-name=\"acceptance-651\"><span class=\"wpcf7-form-control wpcf7-acceptance\"><span class=\"wpcf7-list-item\"><label><input type=\"checkbox\" name=\"acceptance-651\" value=\"1\" aria-invalid=\"false\" \/><span class=\"wpcf7-list-item-label\">I authorize the use of my data for future contacts by the Olitrem Group*<\/span><\/label><\/span><\/span><\/span>\n\t<\/p>\n<\/div>\n<div class=\"grve-column-1-1 grve-column\">\n\t<p><input class=\"wpcf7-form-control wpcf7-submit has-spinner\" type=\"submit\" value=\"Apply\" \/>\n\t<\/p>\n<\/div><div class=\"wpcf7-response-output\" aria-hidden=\"true\"><\/div>\n<\/form>\n<\/div>\n[\/vc_column][\/vc_row][vc_row disable_element=&#8221;yes&#8221; padding_top_multiplier=&#8221;3x&#8221; padding_bottom_multiplier=&#8221;3x&#8221;][vc_column css=&#8221;.vc_custom_1667995849867{margin-bottom: 0px !important;padding-right: 5% !important;padding-left: 5% !important;}&#8221;]<h4 class=\"grve-element grve-title grve-align-center grve-h4 grve-increase-heading grve-heading-120\" style=\"\"><span>Testemunhos<\/span><\/h4><div class=\"grve-empty-space grve-height-1x\" style=\"\"><\/div><div class=\"grve-empty-space grve-height-1x\" style=\"\"><\/div>[\/vc_column][\/vc_row]<\/p>\n","protected":false},"excerpt":{"rendered":"<p>[vc_row section_type=&#8221;fullwidth&#8221; section_full_height=&#8221;fullheight&#8221; bg_type=&#8221;image&#8221; bg_image=&#8221;1217&#8243; bg_image_type=&#8221;fixed&#8221; columns_gap=&#8221;none&#8221; equal_column_height=&#8221;middle-content&#8221; el_class=&#8221;empresa-sobre&#8221;][vc_column width=&#8221;1\/2&#8243; tablet_sm_width=&#8221;1&#8243; column_fullheight=&#8221;fullheight&#8221; el_class=&#8221;hide-column&#8221;][\/vc_column][vc_column width=&#8221;1\/2&#8243; tablet_sm_width=&#8221;1&#8243; column_fullheight=&#8221;fullheight&#8221; heading_color=&#8221;light&#8221; css=&#8221;.vc_custom_1694611259062{padding-top: 15% !important;padding-right: 15% !important;padding-bottom: 15% !important;padding-left: 15% !important;background-color: rgba(27,195,205,0.6) !important;*background-color: rgb(27,195,205) !important;}&#8221; font_color=&#8221;#ffffff&#8221;][vc_column_text el_class=&#8221;intro-produto&#8221;]We are already more than 220 passionate team members, but we always have room for members of excellence![\/vc_column_text][vc_column_text el_class=&#8221;intro-produto&#8221;] Apply and join our team! [&hellip;]<\/p>\n","protected":false},"author":1,"featured_media":0,"parent":0,"menu_order":0,"comment_status":"closed","ping_status":"closed","template":"","meta":{"_acf_changed":false,"inline_featured_image":false,"footnotes":""},"class_list":["post-1783","page","type-page","status-publish","hentry"],"acf":[],"yoast_head":"<!-- This site is optimized with the Yoast SEO plugin v26.0 - https:\/\/yoast.com\/wordpress\/plugins\/seo\/ -->\n<title>Recruitment - Medgree<\/title>\n<meta name=\"robots\" content=\"index, follow, max-snippet:-1, max-image-preview:large, max-video-preview:-1\" \/>\n<link rel=\"canonical\" href=\"https:\/\/medgree.com\/recrutamento\/\" \/>\n<meta property=\"og:locale\" content=\"en_US\" \/>\n<meta property=\"og:type\" content=\"article\" \/>\n<meta property=\"og:title\" content=\"Recruitment - Medgree\" \/>\n<meta property=\"og:description\" content=\"[vc_row section_type=&#8221;fullwidth&#8221; section_full_height=&#8221;fullheight&#8221; bg_type=&#8221;image&#8221; bg_image=&#8221;1217&#8243; bg_image_type=&#8221;fixed&#8221; columns_gap=&#8221;none&#8221; equal_column_height=&#8221;middle-content&#8221; el_class=&#8221;empresa-sobre&#8221;][vc_column width=&#8221;1\/2&#8243; tablet_sm_width=&#8221;1&#8243; column_fullheight=&#8221;fullheight&#8221; el_class=&#8221;hide-column&#8221;][\/vc_column][vc_column width=&#8221;1\/2&#8243; tablet_sm_width=&#8221;1&#8243; column_fullheight=&#8221;fullheight&#8221; heading_color=&#8221;light&#8221; css=&#8221;.vc_custom_1694611259062{padding-top: 15% !important;padding-right: 15% !important;padding-bottom: 15% !important;padding-left: 15% !important;background-color: rgba(27,195,205,0.6) !important;*background-color: rgb(27,195,205) !important;}&#8221; font_color=&#8221;#ffffff&#8221;][vc_column_text el_class=&#8221;intro-produto&#8221;]We are already more than 220 passionate team members, but we always have room for members of excellence![\/vc_column_text][vc_column_text el_class=&#8221;intro-produto&#8221;] Apply and join our team! [&hellip;]\" \/>\n<meta property=\"og:url\" content=\"https:\/\/medgree.com\/recrutamento\/\" \/>\n<meta property=\"og:site_name\" content=\"Medgree\" \/>\n<meta property=\"article:publisher\" content=\"https:\/\/www.facebook.com\/profile.php?id=100053174632034\" \/>\n<meta property=\"article:modified_time\" content=\"2023-09-19T14:05:47+00:00\" \/>\n<meta name=\"twitter:card\" content=\"summary_large_image\" \/>\n<meta name=\"twitter:label1\" content=\"Est. reading time\" \/>\n\t<meta name=\"twitter:data1\" content=\"3 minutes\" \/>\n<script type=\"application\/ld+json\" class=\"yoast-schema-graph\">{\"@context\":\"https:\/\/schema.org\",\"@graph\":[{\"@type\":\"WebPage\",\"@id\":\"https:\/\/medgree.com\/recrutamento\/\",\"url\":\"https:\/\/medgree.com\/recrutamento\/\",\"name\":\"Recruitment - Medgree\",\"isPartOf\":{\"@id\":\"https:\/\/medgree.com\/#website\"},\"datePublished\":\"2023-09-13T13:21:53+00:00\",\"dateModified\":\"2023-09-19T14:05:47+00:00\",\"breadcrumb\":{\"@id\":\"https:\/\/medgree.com\/recrutamento\/#breadcrumb\"},\"inLanguage\":\"en-US\",\"potentialAction\":[{\"@type\":\"ReadAction\",\"target\":[\"https:\/\/medgree.com\/recrutamento\/\"]}]},{\"@type\":\"BreadcrumbList\",\"@id\":\"https:\/\/medgree.com\/recrutamento\/#breadcrumb\",\"itemListElement\":[{\"@type\":\"ListItem\",\"position\":1,\"name\":\"In\u00edcio\",\"item\":\"https:\/\/medgree.com\/en\/home\/\"},{\"@type\":\"ListItem\",\"position\":2,\"name\":\"Recruitment\"}]},{\"@type\":\"WebSite\",\"@id\":\"https:\/\/medgree.com\/#website\",\"url\":\"https:\/\/medgree.com\/\",\"name\":\"Medgree\",\"description\":\"Design for precision\",\"publisher\":{\"@id\":\"https:\/\/medgree.com\/#organization\"},\"potentialAction\":[{\"@type\":\"SearchAction\",\"target\":{\"@type\":\"EntryPoint\",\"urlTemplate\":\"https:\/\/medgree.com\/?s={search_term_string}\"},\"query-input\":{\"@type\":\"PropertyValueSpecification\",\"valueRequired\":true,\"valueName\":\"search_term_string\"}}],\"inLanguage\":\"en-US\"},{\"@type\":\"Organization\",\"@id\":\"https:\/\/medgree.com\/#organization\",\"name\":\"Medgree\",\"url\":\"https:\/\/medgree.com\/\",\"logo\":{\"@type\":\"ImageObject\",\"inLanguage\":\"en-US\",\"@id\":\"https:\/\/medgree.com\/#\/schema\/logo\/image\/\",\"url\":\"https:\/\/medgree.com\/wp-content\/uploads\/logo-Medgree_1.png\",\"contentUrl\":\"https:\/\/medgree.com\/wp-content\/uploads\/logo-Medgree_1.png\",\"width\":922,\"height\":193,\"caption\":\"Medgree\"},\"image\":{\"@id\":\"https:\/\/medgree.com\/#\/schema\/logo\/image\/\"},\"sameAs\":[\"https:\/\/www.facebook.com\/profile.php?id=100053174632034\",\"https:\/\/www.youtube.com\/user\/OlitremSA\",\"https:\/\/www.linkedin.com\/company\/olitrem-sa\/\"]}]}<\/script>\n<!-- \/ Yoast SEO plugin. -->","yoast_head_json":{"title":"Recruitment - Medgree","robots":{"index":"index","follow":"follow","max-snippet":"max-snippet:-1","max-image-preview":"max-image-preview:large","max-video-preview":"max-video-preview:-1"},"canonical":"https:\/\/medgree.com\/recrutamento\/","og_locale":"en_US","og_type":"article","og_title":"Recruitment - Medgree","og_description":"[vc_row section_type=&#8221;fullwidth&#8221; section_full_height=&#8221;fullheight&#8221; bg_type=&#8221;image&#8221; bg_image=&#8221;1217&#8243; bg_image_type=&#8221;fixed&#8221; columns_gap=&#8221;none&#8221; equal_column_height=&#8221;middle-content&#8221; el_class=&#8221;empresa-sobre&#8221;][vc_column width=&#8221;1\/2&#8243; tablet_sm_width=&#8221;1&#8243; column_fullheight=&#8221;fullheight&#8221; el_class=&#8221;hide-column&#8221;][\/vc_column][vc_column width=&#8221;1\/2&#8243; tablet_sm_width=&#8221;1&#8243; column_fullheight=&#8221;fullheight&#8221; heading_color=&#8221;light&#8221; css=&#8221;.vc_custom_1694611259062{padding-top: 15% !important;padding-right: 15% !important;padding-bottom: 15% !important;padding-left: 15% !important;background-color: rgba(27,195,205,0.6) !important;*background-color: rgb(27,195,205) !important;}&#8221; font_color=&#8221;#ffffff&#8221;][vc_column_text el_class=&#8221;intro-produto&#8221;]We are already more than 220 passionate team members, but we always have room for members of excellence![\/vc_column_text][vc_column_text el_class=&#8221;intro-produto&#8221;] Apply and join our team! [&hellip;]","og_url":"https:\/\/medgree.com\/recrutamento\/","og_site_name":"Medgree","article_publisher":"https:\/\/www.facebook.com\/profile.php?id=100053174632034","article_modified_time":"2023-09-19T14:05:47+00:00","twitter_card":"summary_large_image","twitter_misc":{"Est. reading time":"3 minutes"},"schema":{"@context":"https:\/\/schema.org","@graph":[{"@type":"WebPage","@id":"https:\/\/medgree.com\/recrutamento\/","url":"https:\/\/medgree.com\/recrutamento\/","name":"Recruitment - Medgree","isPartOf":{"@id":"https:\/\/medgree.com\/#website"},"datePublished":"2023-09-13T13:21:53+00:00","dateModified":"2023-09-19T14:05:47+00:00","breadcrumb":{"@id":"https:\/\/medgree.com\/recrutamento\/#breadcrumb"},"inLanguage":"en-US","potentialAction":[{"@type":"ReadAction","target":["https:\/\/medgree.com\/recrutamento\/"]}]},{"@type":"BreadcrumbList","@id":"https:\/\/medgree.com\/recrutamento\/#breadcrumb","itemListElement":[{"@type":"ListItem","position":1,"name":"In\u00edcio","item":"https:\/\/medgree.com\/en\/home\/"},{"@type":"ListItem","position":2,"name":"Recruitment"}]},{"@type":"WebSite","@id":"https:\/\/medgree.com\/#website","url":"https:\/\/medgree.com\/","name":"Medgree","description":"Design for precision","publisher":{"@id":"https:\/\/medgree.com\/#organization"},"potentialAction":[{"@type":"SearchAction","target":{"@type":"EntryPoint","urlTemplate":"https:\/\/medgree.com\/?s={search_term_string}"},"query-input":{"@type":"PropertyValueSpecification","valueRequired":true,"valueName":"search_term_string"}}],"inLanguage":"en-US"},{"@type":"Organization","@id":"https:\/\/medgree.com\/#organization","name":"Medgree","url":"https:\/\/medgree.com\/","logo":{"@type":"ImageObject","inLanguage":"en-US","@id":"https:\/\/medgree.com\/#\/schema\/logo\/image\/","url":"https:\/\/medgree.com\/wp-content\/uploads\/logo-Medgree_1.png","contentUrl":"https:\/\/medgree.com\/wp-content\/uploads\/logo-Medgree_1.png","width":922,"height":193,"caption":"Medgree"},"image":{"@id":"https:\/\/medgree.com\/#\/schema\/logo\/image\/"},"sameAs":["https:\/\/www.facebook.com\/profile.php?id=100053174632034","https:\/\/www.youtube.com\/user\/OlitremSA","https:\/\/www.linkedin.com\/company\/olitrem-sa\/"]}]}},"_links":{"self":[{"href":"https:\/\/medgree.com\/en\/wp-json\/wp\/v2\/pages\/1783","targetHints":{"allow":["GET"]}}],"collection":[{"href":"https:\/\/medgree.com\/en\/wp-json\/wp\/v2\/pages"}],"about":[{"href":"https:\/\/medgree.com\/en\/wp-json\/wp\/v2\/types\/page"}],"author":[{"embeddable":true,"href":"https:\/\/medgree.com\/en\/wp-json\/wp\/v2\/users\/1"}],"replies":[{"embeddable":true,"href":"https:\/\/medgree.com\/en\/wp-json\/wp\/v2\/comments?post=1783"}],"version-history":[{"count":5,"href":"https:\/\/medgree.com\/en\/wp-json\/wp\/v2\/pages\/1783\/revisions"}],"predecessor-version":[{"id":1802,"href":"https:\/\/medgree.com\/en\/wp-json\/wp\/v2\/pages\/1783\/revisions\/1802"}],"wp:attachment":[{"href":"https:\/\/medgree.com\/en\/wp-json\/wp\/v2\/media?parent=1783"}],"curies":[{"name":"wp","href":"https:\/\/api.w.org\/{rel}","templated":true}]}}