{"id":1690,"date":"2022-05-30T13:29:41","date_gmt":"2022-05-30T13:29:41","guid":{"rendered":"https:\/\/medgree.com\/terms-and-conditions\/"},"modified":"2023-04-27T14:55:23","modified_gmt":"2023-04-27T14:55:23","slug":"terms-and-conditions","status":"publish","type":"page","link":"https:\/\/medgree.com\/en\/terms-and-conditions\/","title":{"rendered":"Terms and Conditions"},"content":{"rendered":"<p>[vc_row heading_color=&#8221;primary-1&#8243; padding_top_multiplier=&#8221;6x&#8221; padding_bottom_multiplier=&#8221;&#8221; columns_gap=&#8221;60&#8243;][vc_column width=&#8221;1\/2&#8243;]<h3 class=\"grve-element grve-title grve-align-left grve-h3\" style=\"\"><span>Terms and Conditions<\/span><\/h3><div class=\"grve-element grve-divider grve-align-left\" style=\"padding-bottom: 20px;\"><span class=\"grve-custom-divider grve-bg-primary-1\" style=\"width: 140px;height: 10px;\"><\/span><\/div><div class=\"grve-empty-space grve-height-1x\" style=\"\"><\/div>[\/vc_column][vc_column width=&#8221;1\/2&#8243;][vc_column_text el_class=&#8221;intro-produto&#8221;]Thanks for visiting our website. This website is owned by Olitrem S.A. Ind\u00fastria de Refrigera\u00e7\u00e3o.<\/p>\n<p>Any use of this website presupposes the reading and acceptance of the Terms and Conditions presented in this page, recommending its careful reading.<br \/>\nThe use in the context of \u201cus\u201d or \u201cOlitrem\u201d refers to Olitrem S.A, the context \u201cyou\u201d refers to anyone who accesses \/ uses our site.[\/vc_column_text][\/vc_column][vc_column]<div class=\"grve-empty-space grve-height-3x\" style=\"\"><\/div><div class=\"grve-element grve-divider\" style=\"\"><div class=\"grve-line-divider grve-border\"><\/div><\/div>[\/vc_column][\/vc_row][vc_row heading_color=&#8221;primary-1&#8243; padding_top_multiplier=&#8221;2x&#8221; padding_bottom_multiplier=&#8221;3x&#8221; el_class=&#8221;content-politicas&#8221;][vc_column][vc_column_text]<\/p>\n<h6><strong>Property Rights<\/strong><\/h6>\n<p>The website, as well as all content on the form of text, image, video or any other format present in this site are property of Olitrem S.A, or used by this with permission of the respective owner.<\/p>\n<p>The user may freely browse the website as well as reproduce parts of its content for the purpose of personal use and dissemination to other individuals. This reproduction is only possible if respect the copyright rights and industrial or intellectual property and mentioned is owned by Olitrem. Olitrem reserves the right to prohibit the sharing or reproduction of contents of its property at any time.<br \/>\nAll trademarks and respective contents on this website that may not be owned by Olitrem, relate to our business partners and are intended to publicize the activity of Olitrem as a partner.<\/p>\n<p>The improper, incorrect or abusive use of the trademarks or other contents of this website are expressly prohibited, except in the cases provided for in these Terms and Conditions.<\/p>\n<p><strong> <\/strong><strong>Privacy Policy<\/strong><\/p>\n<p>All contents and personal data that are sent or collected by Olitrem are subject to the Privacy Policy and the protection of personal data presented in our <a href=\"https:\/\/medgree.com\/en\/privacy-policy\/\">Privacy Policy<\/a><\/p>\n<h6><strong>Site quality and content<\/strong><\/h6>\n<p>Despite all efforts to make information as accurate as possible, Olitrem is not responsible for any errors or outdated content present on this website. No liability can be attributed to Olitrem for malfunction, error, difficulty or impossibility of accessing this site.<br \/>\nAll contents of the site are subject to change without notice.<\/p>\n<p>Olitrem reserves the right at any time and without notice to restrict, suspend or cancel access to the website or part thereof.<\/p>\n<h6><strong>Disclaimer of Warranties and Limitation of Liability<\/strong><\/h6>\n<p>Although precautions have been taken to detect computer viruses and to ensure security, Olitrem can not guarantee that the website is safe and free of viruses.<\/p>\n<p>Olitrem shall not be liable for any losses or damages that occur as a result of any virus or breach of security. We do not guarantee compatibility with all computer systems.<\/p>\n<p>The user expressly agrees to use the site at his own risk.<\/p>\n<h6><strong>Links of other websites<\/strong><\/h6>\n<p>On our website you may find links to other websites outside of Olitrem S.A. Olitrem can not be held liable for the content, credibility, changes and functionalities of websites owned by third parties. We recommend that you carefully read the legal information and privacy policies of all the websites you visit.<\/p>\n<h6><strong>Private area<\/strong><\/h6>\n<p>Users with registration and access to the client area are responsible for the security and correct use of their credentials. The user will also be responsible for the changes and personal information that they submit in the private area, as a form of contact to maintain the business relationship. You may not use credentials of others for the purpose of using their identity without their express consent.<br \/>\nThe user must guarantee the confidentiality and security of his <em>password<\/em> and should not share it with third parties.<\/p>\n<p>The user is solely and exclusively responsible for any actions taken through his user account, directly or through authorized third parties. At any time, Olitrem may remove your access to the account if identify illegal practices, abusive use, attempted fraud and illegalities.<\/p>\n<h6><strong>Cookies<\/strong><\/h6>\n<p>You can check our cookies policy in our <a href=\"https:\/\/medgree.com\/en\/privacy-policy\/\">privacy policy<\/a><\/p>\n<h6><strong>Updates<\/strong><\/h6>\n<p>Olitrem reserves the right to review these terms and conditions at any time, so we recommend that you check this page frequently for updated terms and conditions.[\/vc_column_text][\/vc_column][\/vc_row]<\/p>\n","protected":false},"excerpt":{"rendered":"<p>[vc_row heading_color=&#8221;primary-1&#8243; padding_top_multiplier=&#8221;6x&#8221; padding_bottom_multiplier=&#8221;&#8221; columns_gap=&#8221;60&#8243;][vc_column width=&#8221;1\/2&#8243;][\/vc_column][vc_column width=&#8221;1\/2&#8243;][vc_column_text el_class=&#8221;intro-produto&#8221;]Thanks for visiting our website. This website is owned by Olitrem S.A. Ind\u00fastria de Refrigera\u00e7\u00e3o. Any use of this website presupposes the reading and acceptance of the Terms and Conditions presented in this page, recommending its careful reading. The use in the context of \u201cus\u201d or \u201cOlitrem\u201d refers [&hellip;]<\/p>\n","protected":false},"author":1,"featured_media":0,"parent":0,"menu_order":0,"comment_status":"closed","ping_status":"closed","template":"","meta":{"_acf_changed":false,"inline_featured_image":false,"footnotes":""},"class_list":["post-1690","page","type-page","status-publish","hentry"],"acf":[],"yoast_head":"<!-- This site is optimized with the Yoast SEO plugin v26.0 - https:\/\/yoast.com\/wordpress\/plugins\/seo\/ -->\n<title>Terms and Conditions - Medgree<\/title>\n<meta name=\"robots\" content=\"index, follow, max-snippet:-1, max-image-preview:large, max-video-preview:-1\" \/>\n<link rel=\"canonical\" href=\"https:\/\/medgree.com\/termos-e-condicoes\/\" \/>\n<meta property=\"og:locale\" content=\"en_US\" \/>\n<meta property=\"og:type\" content=\"article\" \/>\n<meta property=\"og:title\" content=\"Terms and Conditions - Medgree\" \/>\n<meta property=\"og:description\" content=\"[vc_row heading_color=&#8221;primary-1&#8243; padding_top_multiplier=&#8221;6x&#8221; padding_bottom_multiplier=&#8221;&#8221; columns_gap=&#8221;60&#8243;][vc_column width=&#8221;1\/2&#8243;][\/vc_column][vc_column width=&#8221;1\/2&#8243;][vc_column_text el_class=&#8221;intro-produto&#8221;]Thanks for visiting our website. This website is owned by Olitrem S.A. Ind\u00fastria de Refrigera\u00e7\u00e3o. Any use of this website presupposes the reading and acceptance of the Terms and Conditions presented in this page, recommending its careful reading. The use in the context of \u201cus\u201d or \u201cOlitrem\u201d refers [&hellip;]\" \/>\n<meta property=\"og:url\" content=\"https:\/\/medgree.com\/termos-e-condicoes\/\" \/>\n<meta property=\"og:site_name\" content=\"Medgree\" \/>\n<meta property=\"article:publisher\" content=\"https:\/\/www.facebook.com\/profile.php?id=100053174632034\" \/>\n<meta property=\"article:modified_time\" content=\"2023-04-27T14:55:23+00:00\" \/>\n<meta name=\"twitter:card\" content=\"summary_large_image\" \/>\n<meta name=\"twitter:label1\" content=\"Est. reading time\" \/>\n\t<meta name=\"twitter:data1\" content=\"4 minutes\" \/>\n<script type=\"application\/ld+json\" class=\"yoast-schema-graph\">{\"@context\":\"https:\/\/schema.org\",\"@graph\":[{\"@type\":\"WebPage\",\"@id\":\"https:\/\/medgree.com\/termos-e-condicoes\/\",\"url\":\"https:\/\/medgree.com\/termos-e-condicoes\/\",\"name\":\"Terms and Conditions - Medgree\",\"isPartOf\":{\"@id\":\"https:\/\/medgree.com\/#website\"},\"datePublished\":\"2022-05-30T13:29:41+00:00\",\"dateModified\":\"2023-04-27T14:55:23+00:00\",\"breadcrumb\":{\"@id\":\"https:\/\/medgree.com\/termos-e-condicoes\/#breadcrumb\"},\"inLanguage\":\"en-US\",\"potentialAction\":[{\"@type\":\"ReadAction\",\"target\":[\"https:\/\/medgree.com\/termos-e-condicoes\/\"]}]},{\"@type\":\"BreadcrumbList\",\"@id\":\"https:\/\/medgree.com\/termos-e-condicoes\/#breadcrumb\",\"itemListElement\":[{\"@type\":\"ListItem\",\"position\":1,\"name\":\"In\u00edcio\",\"item\":\"https:\/\/medgree.com\/en\/home\/\"},{\"@type\":\"ListItem\",\"position\":2,\"name\":\"Terms and Conditions\"}]},{\"@type\":\"WebSite\",\"@id\":\"https:\/\/medgree.com\/#website\",\"url\":\"https:\/\/medgree.com\/\",\"name\":\"Medgree\",\"description\":\"Design for precision\",\"publisher\":{\"@id\":\"https:\/\/medgree.com\/#organization\"},\"potentialAction\":[{\"@type\":\"SearchAction\",\"target\":{\"@type\":\"EntryPoint\",\"urlTemplate\":\"https:\/\/medgree.com\/?s={search_term_string}\"},\"query-input\":{\"@type\":\"PropertyValueSpecification\",\"valueRequired\":true,\"valueName\":\"search_term_string\"}}],\"inLanguage\":\"en-US\"},{\"@type\":\"Organization\",\"@id\":\"https:\/\/medgree.com\/#organization\",\"name\":\"Medgree\",\"url\":\"https:\/\/medgree.com\/\",\"logo\":{\"@type\":\"ImageObject\",\"inLanguage\":\"en-US\",\"@id\":\"https:\/\/medgree.com\/#\/schema\/logo\/image\/\",\"url\":\"https:\/\/medgree.com\/wp-content\/uploads\/logo-Medgree_1.png\",\"contentUrl\":\"https:\/\/medgree.com\/wp-content\/uploads\/logo-Medgree_1.png\",\"width\":922,\"height\":193,\"caption\":\"Medgree\"},\"image\":{\"@id\":\"https:\/\/medgree.com\/#\/schema\/logo\/image\/\"},\"sameAs\":[\"https:\/\/www.facebook.com\/profile.php?id=100053174632034\",\"https:\/\/www.youtube.com\/user\/OlitremSA\",\"https:\/\/www.linkedin.com\/company\/olitrem-sa\/\"]}]}<\/script>\n<!-- \/ Yoast SEO plugin. -->","yoast_head_json":{"title":"Terms and Conditions - Medgree","robots":{"index":"index","follow":"follow","max-snippet":"max-snippet:-1","max-image-preview":"max-image-preview:large","max-video-preview":"max-video-preview:-1"},"canonical":"https:\/\/medgree.com\/termos-e-condicoes\/","og_locale":"en_US","og_type":"article","og_title":"Terms and Conditions - Medgree","og_description":"[vc_row heading_color=&#8221;primary-1&#8243; padding_top_multiplier=&#8221;6x&#8221; padding_bottom_multiplier=&#8221;&#8221; columns_gap=&#8221;60&#8243;][vc_column width=&#8221;1\/2&#8243;][\/vc_column][vc_column width=&#8221;1\/2&#8243;][vc_column_text el_class=&#8221;intro-produto&#8221;]Thanks for visiting our website. This website is owned by Olitrem S.A. Ind\u00fastria de Refrigera\u00e7\u00e3o. Any use of this website presupposes the reading and acceptance of the Terms and Conditions presented in this page, recommending its careful reading. The use in the context of \u201cus\u201d or \u201cOlitrem\u201d refers [&hellip;]","og_url":"https:\/\/medgree.com\/termos-e-condicoes\/","og_site_name":"Medgree","article_publisher":"https:\/\/www.facebook.com\/profile.php?id=100053174632034","article_modified_time":"2023-04-27T14:55:23+00:00","twitter_card":"summary_large_image","twitter_misc":{"Est. reading time":"4 minutes"},"schema":{"@context":"https:\/\/schema.org","@graph":[{"@type":"WebPage","@id":"https:\/\/medgree.com\/termos-e-condicoes\/","url":"https:\/\/medgree.com\/termos-e-condicoes\/","name":"Terms and Conditions - Medgree","isPartOf":{"@id":"https:\/\/medgree.com\/#website"},"datePublished":"2022-05-30T13:29:41+00:00","dateModified":"2023-04-27T14:55:23+00:00","breadcrumb":{"@id":"https:\/\/medgree.com\/termos-e-condicoes\/#breadcrumb"},"inLanguage":"en-US","potentialAction":[{"@type":"ReadAction","target":["https:\/\/medgree.com\/termos-e-condicoes\/"]}]},{"@type":"BreadcrumbList","@id":"https:\/\/medgree.com\/termos-e-condicoes\/#breadcrumb","itemListElement":[{"@type":"ListItem","position":1,"name":"In\u00edcio","item":"https:\/\/medgree.com\/en\/home\/"},{"@type":"ListItem","position":2,"name":"Terms and Conditions"}]},{"@type":"WebSite","@id":"https:\/\/medgree.com\/#website","url":"https:\/\/medgree.com\/","name":"Medgree","description":"Design for precision","publisher":{"@id":"https:\/\/medgree.com\/#organization"},"potentialAction":[{"@type":"SearchAction","target":{"@type":"EntryPoint","urlTemplate":"https:\/\/medgree.com\/?s={search_term_string}"},"query-input":{"@type":"PropertyValueSpecification","valueRequired":true,"valueName":"search_term_string"}}],"inLanguage":"en-US"},{"@type":"Organization","@id":"https:\/\/medgree.com\/#organization","name":"Medgree","url":"https:\/\/medgree.com\/","logo":{"@type":"ImageObject","inLanguage":"en-US","@id":"https:\/\/medgree.com\/#\/schema\/logo\/image\/","url":"https:\/\/medgree.com\/wp-content\/uploads\/logo-Medgree_1.png","contentUrl":"https:\/\/medgree.com\/wp-content\/uploads\/logo-Medgree_1.png","width":922,"height":193,"caption":"Medgree"},"image":{"@id":"https:\/\/medgree.com\/#\/schema\/logo\/image\/"},"sameAs":["https:\/\/www.facebook.com\/profile.php?id=100053174632034","https:\/\/www.youtube.com\/user\/OlitremSA","https:\/\/www.linkedin.com\/company\/olitrem-sa\/"]}]}},"_links":{"self":[{"href":"https:\/\/medgree.com\/en\/wp-json\/wp\/v2\/pages\/1690","targetHints":{"allow":["GET"]}}],"collection":[{"href":"https:\/\/medgree.com\/en\/wp-json\/wp\/v2\/pages"}],"about":[{"href":"https:\/\/medgree.com\/en\/wp-json\/wp\/v2\/types\/page"}],"author":[{"embeddable":true,"href":"https:\/\/medgree.com\/en\/wp-json\/wp\/v2\/users\/1"}],"replies":[{"embeddable":true,"href":"https:\/\/medgree.com\/en\/wp-json\/wp\/v2\/comments?post=1690"}],"version-history":[{"count":5,"href":"https:\/\/medgree.com\/en\/wp-json\/wp\/v2\/pages\/1690\/revisions"}],"predecessor-version":[{"id":1764,"href":"https:\/\/medgree.com\/en\/wp-json\/wp\/v2\/pages\/1690\/revisions\/1764"}],"wp:attachment":[{"href":"https:\/\/medgree.com\/en\/wp-json\/wp\/v2\/media?parent=1690"}],"curies":[{"name":"wp","href":"https:\/\/api.w.org\/{rel}","templated":true}]}}