{"id":1626,"date":"2022-04-11T14:12:18","date_gmt":"2022-04-11T14:12:18","guid":{"rendered":"https:\/\/medgree.com\/quality\/"},"modified":"2025-05-28T15:54:23","modified_gmt":"2025-05-28T15:54:23","slug":"quality","status":"publish","type":"page","link":"https:\/\/medgree.com\/en\/quality\/","title":{"rendered":"Quality"},"content":{"rendered":"<p>[vc_row heading_color=&#8221;primary-1&#8243; padding_top_multiplier=&#8221;3x&#8221; padding_bottom_multiplier=&#8221;&#8221; columns_gap=&#8221;none&#8221;][vc_column]<div class=\"grve-empty-space grve-height-2x\" style=\"\"><\/div><h3 class=\"grve-element grve-title grve-align-left grve-h3\" style=\"\"><span>Quality and<br \/>\nEnvironment Policy<\/span><\/h3><div class=\"grve-element grve-divider grve-align-left\" style=\"padding-bottom: 20px;\"><span class=\"grve-custom-divider grve-bg-primary-1\" style=\"width: 140px;height: 6px;\"><\/span><\/div><div class=\"grve-empty-space grve-height-1x\" style=\"\"><\/div>[\/vc_column][\/vc_row][vc_row heading_color=&#8221;primary-1&#8243; padding_top_multiplier=&#8221;&#8221; padding_bottom_multiplier=&#8221;3x&#8221;][vc_column width=&#8221;1\/2&#8243;][vc_column_text el_class=&#8221;intro-produto&#8221;]Olitrem \u2013 Ind\u00fastria de Refrigera\u00e7\u00e3o S.A. is a company with a strong presence in the national and international markets, dedicated to the design, sale and production of refrigeration equipment and the sale and installation of hotel equipment.[\/vc_column_text][\/vc_column][vc_column width=&#8221;1\/2&#8243;][vc_column_text]Olitrem has as a strategic option in its activity to ensure the development of the organization and its employees by actively involving them in achieving the company\u2019s fundamental objectives, namely, the satisfaction of its customers, the establishment of mutually advantageous relationships with its suppliers, protection of the environment and preventing pollution.[\/vc_column_text][\/vc_column][\/vc_row][vc_row heading_color=&#8221;primary-2&#8243; bg_type=&#8221;color&#8221; padding_top_multiplier=&#8221;3x&#8221; padding_bottom_multiplier=&#8221;3x&#8221; bg_color=&#8221;#f4f4f4&#8243;][vc_column][vc_column_text]<\/p>\n<h5>Olitrem\u2019s vision for Quality and Environment<br \/>\nessentially rests on the following points:<\/h5>\n<p>[\/vc_column_text]<div class=\"grve-empty-space grve-height-2x\" style=\"\"><\/div>[vc_row_inner el_class=&#8221;qualidade-topicos&#8221;][vc_column_inner width=&#8221;1\/2&#8243;]<h3 class=\"grve-element grve-title grve-align-left grve-h6\" style=\"\"><span>Quality in production<\/span><\/h3>[vc_column_text]The design and production of equipment is carried out rigorously, complying with the compliance obligations applicable to products, customer requirements and environment protection.[\/vc_column_text]<div class=\"grve-empty-space grve-height-2x\" style=\"\"><\/div><h3 class=\"grve-element grve-title grve-align-left grve-h6\" style=\"\"><span>Pollution Prevention<\/span><\/h3>[vc_column_text]Managing the environmental aspects and impacts of your activities, products and services is crucial for defining environmental objectives, thus ensuring pollution control and adaptation to climate change of the resources used.[\/vc_column_text]<div class=\"grve-empty-space grve-height-2x\" style=\"\"><\/div><h3 class=\"grve-element grve-title grve-align-left grve-h6\" style=\"\"><span>Customer Satisfaction<\/span><\/h3>[vc_column_text]Satisfy customers&#8217; needs by providing them with quality products and providing them with a service that meets their expectations in order to establish a relationship of trust and loyalty.[\/vc_column_text][\/vc_column_inner][vc_column_inner width=&#8221;1\/2&#8243;]<h3 class=\"grve-element grve-title grve-align-left grve-h6\" style=\"\"><span>Organization Development<\/span><\/h3>[vc_column_text]Continuously improve its processes, products, services and environmental performance, in order to efficiently meet its objectives, thus improving the effectiveness of its Quality Management System and Environment.[\/vc_column_text]<div class=\"grve-empty-space grve-height-2x\" style=\"\"><\/div><h3 class=\"grve-element grve-title grve-align-left grve-h6\" style=\"\"><span>Human Resources Development and Protection<\/span><\/h3>[vc_column_text]Develop training actions to provide employees with the knowledge necessary for effective performance and, thus, obtaining personal and professional satisfaction, maintaining a stable and motivated team. At the same time, it ensures adequate health and safety measures for its employees.[\/vc_column_text][\/vc_column_inner][\/vc_row_inner]<div class=\"grve-empty-space grve-height-2x\" style=\"\"><\/div>[vc_column_text el_class=&#8221;intro-produto&#8221;]In order to implement this policy, Olitrem\u2019s Management relies on a committed relationship with its employees, suppliers and customers.<br \/>\nManagement undertakes to enforce the policy in force, providing the necessary resources for its implementation.[\/vc_column_text][\/vc_column][\/vc_row][vc_row heading_color=&#8221;primary-1&#8243; padding_top_multiplier=&#8221;3x&#8221; padding_bottom_multiplier=&#8221;&#8221; columns_gap=&#8221;none&#8221;][vc_column width=&#8221;1\/2&#8243;]<div class=\"grve-empty-space grve-height-2x\" style=\"\"><\/div><h3 class=\"grve-element grve-title grve-align-left grve-h3\" style=\"\"><span>Our Commitment<\/span><\/h3><div class=\"grve-element grve-divider grve-align-left\" style=\"padding-bottom: 20px;\"><span class=\"grve-custom-divider grve-bg-primary-1\" style=\"width: 140px;height: 6px;\"><\/span><\/div><div class=\"grve-empty-space grve-height-1x\" style=\"\"><\/div>[\/vc_column][vc_column width=&#8221;1\/2&#8243;][\/vc_column][\/vc_row][vc_row heading_color=&#8221;primary-1&#8243; padding_top_multiplier=&#8221;&#8221; padding_bottom_multiplier=&#8221;3x&#8221;][vc_column width=&#8221;1\/2&#8243;][vc_column_text el_class=&#8221;intro-produto&#8221;]In order to fulfill the organization&#8217;s objectives, we invest continuously in the development of our equipment, through:[\/vc_column_text][\/vc_column][vc_column width=&#8221;1\/2&#8243; el_class=&#8221;vantagens-marcas&#8221;]<div class=\"grve-element grve-box-icon grve-extra-small grve-side-icon grve-align-left grve-animated-item grve-fade-in-right grve-duration-normal grve-with-shape\" style=\"margin-bottom: 5px;\" data-delay=\"200\"><div class=\"grve-wrapper-icon grve-outline grve-circle grve-text-primary-1\" style=\"\"><i class=\"grve-text-green fas fa-check\"><\/i><\/div><div class=\"grve-box-content\">  <p class=\"\">Product research &amp; development, with a multidisciplinary team dedicated to optimization and improvement;<\/p><\/div><\/div><div class=\"grve-element grve-box-icon grve-extra-small grve-side-icon grve-align-left grve-animated-item grve-fade-in-right grve-duration-normal grve-with-shape\" style=\"margin-bottom: 5px;\" data-delay=\"200\"><div class=\"grve-wrapper-icon grve-outline grve-circle grve-text-primary-1\" style=\"\"><i class=\"grve-text-green fas fa-check\"><\/i><\/div><div class=\"grve-box-content\">  <p class=\"\">Performance and safety tests on the production line, on 100% of the equipment;<\/p><\/div><\/div><div class=\"grve-element grve-box-icon grve-extra-small grve-side-icon grve-align-left grve-animated-item grve-fade-in-right grve-duration-normal grve-with-shape\" style=\"margin-bottom: 5px;\" data-delay=\"200\"><div class=\"grve-wrapper-icon grve-outline grve-circle grve-text-primary-1\" style=\"\"><i class=\"grve-text-green fas fa-check\"><\/i><\/div><div class=\"grve-box-content\">  <p class=\"\">Optimization and development of products with preparation of tests in an innovative laboratory;<\/p><\/div><\/div><div class=\"grve-element grve-box-icon grve-extra-small grve-side-icon grve-align-left grve-animated-item grve-fade-in-right grve-duration-normal grve-with-shape\" style=\"margin-bottom: 5px;\" data-delay=\"200\"><div class=\"grve-wrapper-icon grve-outline grve-circle grve-text-primary-1\" style=\"\"><i class=\"grve-text-green fas fa-check\"><\/i><\/div><div class=\"grve-box-content\">  <p class=\"\">Traceability of the components used in each model produced;<\/p><\/div><\/div><div class=\"grve-element grve-box-icon grve-extra-small grve-side-icon grve-align-left grve-animated-item grve-fade-in-right grve-duration-normal grve-with-shape\" style=\"margin-bottom: 5px;\" data-delay=\"200\"><div class=\"grve-wrapper-icon grve-outline grve-circle grve-text-primary-1\" style=\"\"><i class=\"grve-text-green fas fa-check\"><\/i><\/div><div class=\"grve-box-content\">  <p class=\"\">Provision of specialized and certified after-sales service.<\/p><\/div><\/div>[\/vc_column][\/vc_row][vc_row heading_color=&#8221;light&#8221; section_full_height=&#8221;fullheight&#8221; bg_type=&#8221;image&#8221; bg_image=&#8221;313&#8243; bg_image_type=&#8221;fixed&#8221; pattern_overlay=&#8221;yes&#8221; color_overlay=&#8221;dark&#8221; opacity_overlay=&#8221;40&#8243; padding_top_multiplier=&#8221;3x&#8221; padding_bottom_multiplier=&#8221;&#8221; equal_column_height=&#8221;middle-content&#8221; font_color=&#8221;#ffffff&#8221; margin_bottom=&#8221;0&#8243; section_id=&#8221;pagina-categoria-produto&#8221;][vc_column]<div class=\"grve-empty-space grve-height-3x\" style=\"\"><\/div><h2 class=\"grve-element grve-title grve-align-left grve-h2\" style=\"\"><span>Quality for<br \/>\nthose who seek<br \/>\npeace of mind.<\/span><\/h2><div class=\"grve-empty-space grve-height-3x\" style=\"\"><\/div>[\/vc_column][\/vc_row][vc_row heading_color=&#8221;primary-1&#8243; padding_top_multiplier=&#8221;3x&#8221; padding_bottom_multiplier=&#8221;&#8221; columns_gap=&#8221;none&#8221;][vc_column width=&#8221;1\/2&#8243;]<div class=\"grve-empty-space grve-height-2x\" style=\"\"><\/div><h3 class=\"grve-element grve-title grve-align-left grve-h3\" style=\"\"><span>Quality Management System<\/span><\/h3><div class=\"grve-element grve-divider grve-align-left\" style=\"padding-bottom: 20px;\"><span class=\"grve-custom-divider grve-bg-primary-1\" style=\"width: 140px;height: 6px;\"><\/span><\/div><div class=\"grve-empty-space grve-height-1x\" style=\"\"><\/div>[\/vc_column][vc_column width=&#8221;1\/2&#8243;][\/vc_column][\/vc_row][vc_row heading_color=&#8221;primary-1&#8243; padding_top_multiplier=&#8221;&#8221; padding_bottom_multiplier=&#8221;3x&#8221;][vc_column width=&#8221;1\/2&#8243;][vc_column_text]Olitrem has a quality management system implemented and certified, in accordance with the NP EN ISO 9001 standard since 2000. This system allows the organization to improve its overall performance, operate more efficiently, reach new markets, identify and solve risks and meet the needs and expectations of customers and stakeholders.<\/p>\n<p>Olitrem&#8217;s products comply with regulatory requirements and demands at all stages of their design and manufacture.[\/vc_column_text][\/vc_column][vc_column width=&#8221;1\/2&#8243;][vc_column_text]To meet the demands of our customers and different markets, Olitrem has a diverse range of certified products that comply with the EN 60335-2-89 standard.<em><\/em><\/p>\n<p>In order to provide the best service to our customers, our certified Technical Assistance service, in accordance with current legislation, is made up of technicians with specialized training who guarantee a quality service.[\/vc_column_text][\/vc_column][\/vc_row][vc_row heading_color=&#8221;primary-1&#8243; padding_top_multiplier=&#8221;&#8221; padding_bottom_multiplier=&#8221;4x&#8221; columns_gap=&#8221;40&#8243; equal_column_height=&#8221;middle-content&#8221; margin_bottom=&#8221;0&#8243;][vc_column width=&#8221;1\/4&#8243;]<div class=\"grve-element grve-image grve-align-center\" style=\"\">  <div class=\"grve-image-wrapper\"><a class=\"grve-image-popup\" href=\"https:\/\/medgree.com\/wp-content\/uploads\/Certif-Olitrem-SGS.webp\"><img loading=\"lazy\" decoding=\"async\" width=\"494\" height=\"788\" src=\"https:\/\/medgree.com\/wp-content\/uploads\/Certif-Olitrem-SGS.webp\" class=\"attachment-full size-full\" alt=\"\" srcset=\"https:\/\/medgree.com\/wp-content\/uploads\/Certif-Olitrem-SGS.webp 494w, https:\/\/medgree.com\/wp-content\/uploads\/Certif-Olitrem-SGS-188x300.webp 188w\" sizes=\"auto, (max-width: 494px) 100vw, 494px\" \/><\/a>   <\/div><\/div>[\/vc_column][vc_column width=&#8221;1\/4&#8243;]<div class=\"grve-element grve-image grve-align-center\" style=\"\">  <div class=\"grve-image-wrapper\"><a class=\"grve-image-popup\" href=\"https:\/\/medgree.com\/wp-content\/uploads\/Certif-Olitrem-ISO-9001.webp\"><img loading=\"lazy\" decoding=\"async\" width=\"494\" height=\"788\" src=\"https:\/\/medgree.com\/wp-content\/uploads\/Certif-Olitrem-ISO-9001.webp\" class=\"attachment-full size-full\" alt=\"\" srcset=\"https:\/\/medgree.com\/wp-content\/uploads\/Certif-Olitrem-ISO-9001.webp 494w, https:\/\/medgree.com\/wp-content\/uploads\/Certif-Olitrem-ISO-9001-188x300.webp 188w\" sizes=\"auto, (max-width: 494px) 100vw, 494px\" \/><\/a>   <\/div><\/div>[\/vc_column][vc_column width=&#8221;1\/4&#8243;]<div class=\"grve-element grve-image grve-align-center\" style=\"\">  <div class=\"grve-image-wrapper\"><a class=\"grve-image-popup\" href=\"https:\/\/medgree.com\/wp-content\/uploads\/Certif-Olitrem-certif.webp\"><img loading=\"lazy\" decoding=\"async\" width=\"494\" height=\"788\" src=\"https:\/\/medgree.com\/wp-content\/uploads\/Certif-Olitrem-certif.webp\" class=\"attachment-full size-full\" alt=\"\" srcset=\"https:\/\/medgree.com\/wp-content\/uploads\/Certif-Olitrem-certif.webp 494w, https:\/\/medgree.com\/wp-content\/uploads\/Certif-Olitrem-certif-188x300.webp 188w\" sizes=\"auto, (max-width: 494px) 100vw, 494px\" \/><\/a>   <\/div><\/div>[\/vc_column][vc_column width=&#8221;1\/4&#8243;]<div class=\"grve-element grve-image grve-align-center\" style=\"\">  <div class=\"grve-image-wrapper\"><a class=\"grve-image-popup\" href=\"https:\/\/medgree.com\/wp-content\/uploads\/2022\/04\/Bureau-Veritas-Olitrem.webp\"><img loading=\"lazy\" decoding=\"async\" width=\"494\" height=\"788\" src=\"https:\/\/medgree.com\/wp-content\/uploads\/2022\/04\/Bureau-Veritas-Olitrem.webp\" class=\"attachment-full size-full\" alt=\"\" srcset=\"https:\/\/medgree.com\/wp-content\/uploads\/2022\/04\/Bureau-Veritas-Olitrem.webp 494w, https:\/\/medgree.com\/wp-content\/uploads\/2022\/04\/Bureau-Veritas-Olitrem-188x300.webp 188w\" sizes=\"auto, (max-width: 494px) 100vw, 494px\" \/><\/a>   <\/div><\/div>[\/vc_column][\/vc_row]<\/p>\n","protected":false},"excerpt":{"rendered":"<p>[vc_row heading_color=&#8221;primary-1&#8243; padding_top_multiplier=&#8221;3x&#8221; padding_bottom_multiplier=&#8221;&#8221; columns_gap=&#8221;none&#8221;][vc_column][\/vc_column][\/vc_row][vc_row heading_color=&#8221;primary-1&#8243; padding_top_multiplier=&#8221;&#8221; padding_bottom_multiplier=&#8221;3x&#8221;][vc_column width=&#8221;1\/2&#8243;][vc_column_text el_class=&#8221;intro-produto&#8221;]Olitrem \u2013 Ind\u00fastria de Refrigera\u00e7\u00e3o S.A. is a company with a strong presence in the national and international markets, dedicated to the design, sale and production of refrigeration equipment and the sale and installation of hotel equipment.[\/vc_column_text][\/vc_column][vc_column width=&#8221;1\/2&#8243;][vc_column_text]Olitrem has as a strategic option in its activity [&hellip;]<\/p>\n","protected":false},"author":1,"featured_media":0,"parent":0,"menu_order":0,"comment_status":"closed","ping_status":"closed","template":"","meta":{"_acf_changed":false,"inline_featured_image":false,"footnotes":""},"class_list":["post-1626","page","type-page","status-publish","hentry"],"acf":[],"yoast_head":"<!-- This site is optimized with the Yoast SEO plugin v26.0 - https:\/\/yoast.com\/wordpress\/plugins\/seo\/ -->\n<title>Quality - Medgree<\/title>\n<meta name=\"robots\" content=\"index, follow, max-snippet:-1, max-image-preview:large, max-video-preview:-1\" \/>\n<link rel=\"canonical\" href=\"https:\/\/medgree.com\/en\/quality\/\" \/>\n<meta property=\"og:locale\" content=\"en_US\" \/>\n<meta property=\"og:type\" content=\"article\" \/>\n<meta property=\"og:title\" content=\"Quality - Medgree\" \/>\n<meta property=\"og:description\" content=\"[vc_row heading_color=&#8221;primary-1&#8243; padding_top_multiplier=&#8221;3x&#8221; padding_bottom_multiplier=&#8221;&#8221; columns_gap=&#8221;none&#8221;][vc_column][\/vc_column][\/vc_row][vc_row heading_color=&#8221;primary-1&#8243; padding_top_multiplier=&#8221;&#8221; padding_bottom_multiplier=&#8221;3x&#8221;][vc_column width=&#8221;1\/2&#8243;][vc_column_text el_class=&#8221;intro-produto&#8221;]Olitrem \u2013 Ind\u00fastria de Refrigera\u00e7\u00e3o S.A. is a company with a strong presence in the national and international markets, dedicated to the design, sale and production of refrigeration equipment and the sale and installation of hotel equipment.[\/vc_column_text][\/vc_column][vc_column width=&#8221;1\/2&#8243;][vc_column_text]Olitrem has as a strategic option in its activity [&hellip;]\" \/>\n<meta property=\"og:url\" content=\"https:\/\/medgree.com\/en\/quality\/\" \/>\n<meta property=\"og:site_name\" content=\"Medgree\" \/>\n<meta property=\"article:publisher\" content=\"https:\/\/www.facebook.com\/profile.php?id=100053174632034\" \/>\n<meta property=\"article:modified_time\" content=\"2025-05-28T15:54:23+00:00\" \/>\n<meta name=\"twitter:card\" content=\"summary_large_image\" \/>\n<meta name=\"twitter:label1\" content=\"Est. reading time\" \/>\n\t<meta name=\"twitter:data1\" content=\"6 minutes\" \/>\n<script type=\"application\/ld+json\" class=\"yoast-schema-graph\">{\"@context\":\"https:\/\/schema.org\",\"@graph\":[{\"@type\":\"WebPage\",\"@id\":\"https:\/\/medgree.com\/en\/quality\/\",\"url\":\"https:\/\/medgree.com\/en\/quality\/\",\"name\":\"Quality - Medgree\",\"isPartOf\":{\"@id\":\"https:\/\/medgree.com\/#website\"},\"datePublished\":\"2022-04-11T14:12:18+00:00\",\"dateModified\":\"2025-05-28T15:54:23+00:00\",\"breadcrumb\":{\"@id\":\"https:\/\/medgree.com\/en\/quality\/#breadcrumb\"},\"inLanguage\":\"en-US\",\"potentialAction\":[{\"@type\":\"ReadAction\",\"target\":[\"https:\/\/medgree.com\/en\/quality\/\"]}]},{\"@type\":\"BreadcrumbList\",\"@id\":\"https:\/\/medgree.com\/en\/quality\/#breadcrumb\",\"itemListElement\":[{\"@type\":\"ListItem\",\"position\":1,\"name\":\"In\u00edcio\",\"item\":\"https:\/\/medgree.com\/en\/home\/\"},{\"@type\":\"ListItem\",\"position\":2,\"name\":\"Quality\"}]},{\"@type\":\"WebSite\",\"@id\":\"https:\/\/medgree.com\/#website\",\"url\":\"https:\/\/medgree.com\/\",\"name\":\"Medgree\",\"description\":\"Design for precision\",\"publisher\":{\"@id\":\"https:\/\/medgree.com\/#organization\"},\"potentialAction\":[{\"@type\":\"SearchAction\",\"target\":{\"@type\":\"EntryPoint\",\"urlTemplate\":\"https:\/\/medgree.com\/?s={search_term_string}\"},\"query-input\":{\"@type\":\"PropertyValueSpecification\",\"valueRequired\":true,\"valueName\":\"search_term_string\"}}],\"inLanguage\":\"en-US\"},{\"@type\":\"Organization\",\"@id\":\"https:\/\/medgree.com\/#organization\",\"name\":\"Medgree\",\"url\":\"https:\/\/medgree.com\/\",\"logo\":{\"@type\":\"ImageObject\",\"inLanguage\":\"en-US\",\"@id\":\"https:\/\/medgree.com\/#\/schema\/logo\/image\/\",\"url\":\"https:\/\/medgree.com\/wp-content\/uploads\/logo-Medgree_1.png\",\"contentUrl\":\"https:\/\/medgree.com\/wp-content\/uploads\/logo-Medgree_1.png\",\"width\":922,\"height\":193,\"caption\":\"Medgree\"},\"image\":{\"@id\":\"https:\/\/medgree.com\/#\/schema\/logo\/image\/\"},\"sameAs\":[\"https:\/\/www.facebook.com\/profile.php?id=100053174632034\",\"https:\/\/www.youtube.com\/user\/OlitremSA\",\"https:\/\/www.linkedin.com\/company\/olitrem-sa\/\"]}]}<\/script>\n<!-- \/ Yoast SEO plugin. -->","yoast_head_json":{"title":"Quality - Medgree","robots":{"index":"index","follow":"follow","max-snippet":"max-snippet:-1","max-image-preview":"max-image-preview:large","max-video-preview":"max-video-preview:-1"},"canonical":"https:\/\/medgree.com\/en\/quality\/","og_locale":"en_US","og_type":"article","og_title":"Quality - Medgree","og_description":"[vc_row heading_color=&#8221;primary-1&#8243; padding_top_multiplier=&#8221;3x&#8221; padding_bottom_multiplier=&#8221;&#8221; columns_gap=&#8221;none&#8221;][vc_column][\/vc_column][\/vc_row][vc_row heading_color=&#8221;primary-1&#8243; padding_top_multiplier=&#8221;&#8221; padding_bottom_multiplier=&#8221;3x&#8221;][vc_column width=&#8221;1\/2&#8243;][vc_column_text el_class=&#8221;intro-produto&#8221;]Olitrem \u2013 Ind\u00fastria de Refrigera\u00e7\u00e3o S.A. is a company with a strong presence in the national and international markets, dedicated to the design, sale and production of refrigeration equipment and the sale and installation of hotel equipment.[\/vc_column_text][\/vc_column][vc_column width=&#8221;1\/2&#8243;][vc_column_text]Olitrem has as a strategic option in its activity [&hellip;]","og_url":"https:\/\/medgree.com\/en\/quality\/","og_site_name":"Medgree","article_publisher":"https:\/\/www.facebook.com\/profile.php?id=100053174632034","article_modified_time":"2025-05-28T15:54:23+00:00","twitter_card":"summary_large_image","twitter_misc":{"Est. reading time":"6 minutes"},"schema":{"@context":"https:\/\/schema.org","@graph":[{"@type":"WebPage","@id":"https:\/\/medgree.com\/en\/quality\/","url":"https:\/\/medgree.com\/en\/quality\/","name":"Quality - Medgree","isPartOf":{"@id":"https:\/\/medgree.com\/#website"},"datePublished":"2022-04-11T14:12:18+00:00","dateModified":"2025-05-28T15:54:23+00:00","breadcrumb":{"@id":"https:\/\/medgree.com\/en\/quality\/#breadcrumb"},"inLanguage":"en-US","potentialAction":[{"@type":"ReadAction","target":["https:\/\/medgree.com\/en\/quality\/"]}]},{"@type":"BreadcrumbList","@id":"https:\/\/medgree.com\/en\/quality\/#breadcrumb","itemListElement":[{"@type":"ListItem","position":1,"name":"In\u00edcio","item":"https:\/\/medgree.com\/en\/home\/"},{"@type":"ListItem","position":2,"name":"Quality"}]},{"@type":"WebSite","@id":"https:\/\/medgree.com\/#website","url":"https:\/\/medgree.com\/","name":"Medgree","description":"Design for precision","publisher":{"@id":"https:\/\/medgree.com\/#organization"},"potentialAction":[{"@type":"SearchAction","target":{"@type":"EntryPoint","urlTemplate":"https:\/\/medgree.com\/?s={search_term_string}"},"query-input":{"@type":"PropertyValueSpecification","valueRequired":true,"valueName":"search_term_string"}}],"inLanguage":"en-US"},{"@type":"Organization","@id":"https:\/\/medgree.com\/#organization","name":"Medgree","url":"https:\/\/medgree.com\/","logo":{"@type":"ImageObject","inLanguage":"en-US","@id":"https:\/\/medgree.com\/#\/schema\/logo\/image\/","url":"https:\/\/medgree.com\/wp-content\/uploads\/logo-Medgree_1.png","contentUrl":"https:\/\/medgree.com\/wp-content\/uploads\/logo-Medgree_1.png","width":922,"height":193,"caption":"Medgree"},"image":{"@id":"https:\/\/medgree.com\/#\/schema\/logo\/image\/"},"sameAs":["https:\/\/www.facebook.com\/profile.php?id=100053174632034","https:\/\/www.youtube.com\/user\/OlitremSA","https:\/\/www.linkedin.com\/company\/olitrem-sa\/"]}]}},"_links":{"self":[{"href":"https:\/\/medgree.com\/en\/wp-json\/wp\/v2\/pages\/1626","targetHints":{"allow":["GET"]}}],"collection":[{"href":"https:\/\/medgree.com\/en\/wp-json\/wp\/v2\/pages"}],"about":[{"href":"https:\/\/medgree.com\/en\/wp-json\/wp\/v2\/types\/page"}],"author":[{"embeddable":true,"href":"https:\/\/medgree.com\/en\/wp-json\/wp\/v2\/users\/1"}],"replies":[{"embeddable":true,"href":"https:\/\/medgree.com\/en\/wp-json\/wp\/v2\/comments?post=1626"}],"version-history":[{"count":5,"href":"https:\/\/medgree.com\/en\/wp-json\/wp\/v2\/pages\/1626\/revisions"}],"predecessor-version":[{"id":37700,"href":"https:\/\/medgree.com\/en\/wp-json\/wp\/v2\/pages\/1626\/revisions\/37700"}],"wp:attachment":[{"href":"https:\/\/medgree.com\/en\/wp-json\/wp\/v2\/media?parent=1626"}],"curies":[{"name":"wp","href":"https:\/\/api.w.org\/{rel}","templated":true}]}}